{"id":836,"date":"2023-09-13T14:37:00","date_gmt":"2023-09-13T12:37:00","guid":{"rendered":"https:\/\/ambbruxelles.esteri.it\/?page_id=836"},"modified":"2023-09-13T14:49:52","modified_gmt":"2023-09-13T12:49:52","slug":"lambasciatore-ditalia-in-belgio-federica-favi-e-il-ministro-delleconomia-e-del-lavoro-del-governo-belga-pierre-yves-dermagne","status":"publish","type":"page","link":"https:\/\/ambbruxelles.esteri.it\/it\/news\/dall_ambasciata\/lambasciatore-ditalia-in-belgio-federica-favi-e-il-ministro-delleconomia-e-del-lavoro-del-governo-belga-pierre-yves-dermagne\/","title":{"rendered":"L\u2019Ambasciatore d\u2019Italia in Belgio Federica Favi e il Ministro dell\u2019Economia e del Lavoro del governo belga Pierre-Yves Dermagne"},"content":{"rendered":"<div>\n<div>\n<div>\ud83e\udd1d| ITA: Sua Eccellenza l\u2019Ambasciatore d\u2019Italia in Belgio Federica Favi rinnova il suo pi\u00f9 sentito ringraziamento al Ministro dell\u2019Economia e del Lavoro del governo belga Pierre-Yves Dermagne per il proficuo incontro tenutosi nella giornata di oggi. Un costruttivo ed interessante confronto sulle strategie di politica economica utili per la crescita dei reciproci Paesi, sui solidissimi rapporti bilaterali frutto di una lunga condivisione di valori e principi comuni e sull\u2019importanza della cooperazione scientifica nei settori strategici dell\u2019UE.<\/div>\n<div>L\u2019Italia e il Belgio sono al fianco dell\u2019Europa, nelle sfide del futuro.<\/div>\n<div><\/div>\n<div>\ud83e\udd1d| ENG:Her Excellency the Ambassador of Italy to Belgium, Federica Favi, renews her heartfelt thanks to the Minister of Economy and Labor of the Belgian government, Pierre-Yves Dermagne, for the fruitful meeting held today. A constructive and interesting discussion on economic policy strategies beneficial for the growth of both countries, on the strong bilateral relations stemming from a long history of shared values and common principles, and on the importance of scientific cooperation in strategic EU sectors.<\/div>\n<div>Italy and Belgium stand alongside Europe in the challenges of the future.<\/div>\n<div><\/div>\n<div>\ud83e\udd1d| FRA: Son Excellence l&#8217;Ambassadeur d&#8217;Italie en Belgique Federica Favi renouvelle ses vifs remerciements au Ministre de l&#8217;Economie et du Travail du gouvernement belge Pierre-Yves Dermagne pour la rencontre fructueuse qui s&#8217;est tenue aujourd&#8217;hui. Une discussion constructive et int\u00e9ressante sur les strat\u00e9gies de politique \u00e9conomique utiles \u00e0 la croissance des deux pays, sur les relations bilat\u00e9rales tr\u00e8s solides r\u00e9sultant d&#8217;un long partage de valeurs et de principes communs, et sur l&#8217;importance de la coop\u00e9ration scientifique dans les secteurs strat\u00e9giques de l&#8217;UE.<\/div>\n<div>L&#8217;Italie et la Belgique sont aux c\u00f4t\u00e9s de l&#8217;Europe pour relever les d\u00e9fis de l&#8217;avenir.<\/div>\n<\/div>\n<div>\n<div><\/div>\n<div>\ud83e\udd1d| NL: Hare Excellentie Federica Favi, Italiaans ambassadeur in Belgi\u00eb, had vandaag een vruchtbare ontmoeting met de Minister van Economie en Werk van de Belgische regering, Pierre-Yves Dermagne, en wenst nogmaals haar oprechte dankbaarheid naar aanleiding van deze samenkomst te uiten. Hun constructieve en interessante gesprek stond in het teken van strategie\u00ebn voor economisch beleid ten gunste van de groei van beide landen, van de zeer sterke bilaterale banden &#8211; gestoeld op sinds lang gedeelde waarden en principes &#8211; en van het belang van wetenschappelijke samenwerking binnen de strategische sectoren van de EU. Itali\u00eb en Belgi\u00eb staan zij aan zij met Europa, klaar voor de uitdagingen van de toekomst.<\/div>\n<\/div>\n<\/div>\n","protected":false},"excerpt":{"rendered":"\ud83e\udd1d| ITA: Sua Eccellenza l\u2019Ambasciatore d\u2019Italia in Belgio Federica Favi rinnova il suo pi\u00f9 sentito ringraziamento al Ministro dell\u2019Economia e del Lavoro del governo belga Pierre-Yves Dermagne per il proficuo incontro tenutosi nella giornata di oggi. Un costruttivo ed interessante confronto sulle strategie di politica economica utili per la crescita dei reciproci Paesi, sui solidissimi [&hellip;]","protected":false},"author":4,"featured_media":0,"parent":33,"menu_order":0,"comment_status":"closed","ping_status":"closed","template":"","meta":{"footnotes":""},"class_list":["post-836","page","type-page","status-publish","hentry"],"_links":{"self":[{"href":"https:\/\/ambbruxelles.esteri.it\/it\/wp-json\/wp\/v2\/pages\/836","targetHints":{"allow":["GET"]}}],"collection":[{"href":"https:\/\/ambbruxelles.esteri.it\/it\/wp-json\/wp\/v2\/pages"}],"about":[{"href":"https:\/\/ambbruxelles.esteri.it\/it\/wp-json\/wp\/v2\/types\/page"}],"author":[{"embeddable":true,"href":"https:\/\/ambbruxelles.esteri.it\/it\/wp-json\/wp\/v2\/users\/4"}],"replies":[{"embeddable":true,"href":"https:\/\/ambbruxelles.esteri.it\/it\/wp-json\/wp\/v2\/comments?post=836"}],"version-history":[{"count":2,"href":"https:\/\/ambbruxelles.esteri.it\/it\/wp-json\/wp\/v2\/pages\/836\/revisions"}],"predecessor-version":[{"id":840,"href":"https:\/\/ambbruxelles.esteri.it\/it\/wp-json\/wp\/v2\/pages\/836\/revisions\/840"}],"up":[{"embeddable":true,"href":"https:\/\/ambbruxelles.esteri.it\/it\/wp-json\/wp\/v2\/pages\/33"}],"wp:attachment":[{"href":"https:\/\/ambbruxelles.esteri.it\/it\/wp-json\/wp\/v2\/media?parent=836"}],"curies":[{"name":"wp","href":"https:\/\/api.w.org\/{rel}","templated":true}]}}