{"id":48,"date":"2023-04-11T18:12:44","date_gmt":"2023-04-11T16:12:44","guid":{"rendered":"https:\/\/ambasciatapraga.esteri.it\/?page_id=48"},"modified":"2024-07-31T09:34:05","modified_gmt":"2024-07-31T07:34:05","slug":"servizi-per-il-cittadino-straniero","status":"publish","type":"page","link":"https:\/\/ambbruxelles.esteri.it\/it\/servizi-consolari-e-visti\/servizi-per-il-cittadino-straniero\/","title":{"rendered":"Servizi per il cittadino straniero"},"content":{"rendered":"<p class=\"boxLevel04\">Il Consolato Generale d&#8217;Italia si trova in <strong>Rue de Livourne 38 \u2013 1000 Bruxelles<\/strong><\/p>\n<p>&nbsp;<\/p>\n<p><strong>ORARIO DI APERTURA AL PUBBLICO<\/strong><\/p>\n<p><strong>Mattina<\/strong>\u00a0\u2013\u00a0<strong>Luned\u00ec, Marted\u00ec, Mercoled\u00ec, Gioved\u00ec, Venerd\u00ec dalle 09.00 alle 12.30<\/strong><\/p>\n<p><strong>Pomeriggio<\/strong>\u00a0\u2013<strong> Mercoled\u00ec 14.00 alle 16.00.<\/strong><\/p>\n","protected":false},"excerpt":{"rendered":"Il Consolato Generale d&#8217;Italia si trova in Rue de Livourne 38 \u2013 1000 Bruxelles &nbsp; ORARIO DI APERTURA AL PUBBLICO Mattina\u00a0\u2013\u00a0Luned\u00ec, Marted\u00ec, Mercoled\u00ec, Gioved\u00ec, Venerd\u00ec dalle 09.00 alle 12.30 Pomeriggio\u00a0\u2013 Mercoled\u00ec 14.00 alle 16.00.","protected":false},"author":1,"featured_media":0,"parent":15,"menu_order":2,"comment_status":"closed","ping_status":"closed","template":"","meta":{"footnotes":""},"class_list":["post-48","page","type-page","status-publish","hentry"],"_links":{"self":[{"href":"https:\/\/ambbruxelles.esteri.it\/it\/wp-json\/wp\/v2\/pages\/48","targetHints":{"allow":["GET"]}}],"collection":[{"href":"https:\/\/ambbruxelles.esteri.it\/it\/wp-json\/wp\/v2\/pages"}],"about":[{"href":"https:\/\/ambbruxelles.esteri.it\/it\/wp-json\/wp\/v2\/types\/page"}],"author":[{"embeddable":true,"href":"https:\/\/ambbruxelles.esteri.it\/it\/wp-json\/wp\/v2\/users\/1"}],"replies":[{"embeddable":true,"href":"https:\/\/ambbruxelles.esteri.it\/it\/wp-json\/wp\/v2\/comments?post=48"}],"version-history":[{"count":5,"href":"https:\/\/ambbruxelles.esteri.it\/it\/wp-json\/wp\/v2\/pages\/48\/revisions"}],"predecessor-version":[{"id":1908,"href":"https:\/\/ambbruxelles.esteri.it\/it\/wp-json\/wp\/v2\/pages\/48\/revisions\/1908"}],"up":[{"embeddable":true,"href":"https:\/\/ambbruxelles.esteri.it\/it\/wp-json\/wp\/v2\/pages\/15"}],"wp:attachment":[{"href":"https:\/\/ambbruxelles.esteri.it\/it\/wp-json\/wp\/v2\/media?parent=48"}],"curies":[{"name":"wp","href":"https:\/\/api.w.org\/{rel}","templated":true}]}}