{"id":47,"date":"2023-04-11T18:12:24","date_gmt":"2023-04-11T16:12:24","guid":{"rendered":"https:\/\/ambasciatapraga.esteri.it\/?page_id=47"},"modified":"2024-07-31T09:32:41","modified_gmt":"2024-07-31T07:32:41","slug":"servizi-per-il-cittadino-italiano","status":"publish","type":"page","link":"https:\/\/ambbruxelles.esteri.it\/it\/servizi-consolari-e-visti\/servizi-per-il-cittadino-italiano\/","title":{"rendered":"Servizi per il cittadino italiano"},"content":{"rendered":"<p class=\"boxLevel04\">Il<strong> Consolato Generale d&#8217;Itali<\/strong><strong>a<\/strong> si trova in Rue de Livourne 38 \u2013 1000 Bruxelles<\/p>\n<p>&nbsp;<\/p>\n<p><strong>ORARIO DI APERTURA AL PUBBLICO<\/strong><\/p>\n<p><strong>Mattina<\/strong>\u00a0\u2013\u00a0<strong>Luned\u00ec, Marted\u00ec, Mercoled\u00ec, Gioved\u00ec, Venerd\u00ec dalle 09.00 alle 12.30<\/strong><\/p>\n<p><strong>Pomeriggio<\/strong>\u00a0\u2013<strong>\u00a0Mercoled\u00ec 14.00 alle 16.00<\/strong><\/p>\n<p>&nbsp;<\/p>\n","protected":false},"excerpt":{"rendered":"Il Consolato Generale d&#8217;Italia si trova in Rue de Livourne 38 \u2013 1000 Bruxelles &nbsp; ORARIO DI APERTURA AL PUBBLICO Mattina\u00a0\u2013\u00a0Luned\u00ec, Marted\u00ec, Mercoled\u00ec, Gioved\u00ec, Venerd\u00ec dalle 09.00 alle 12.30 Pomeriggio\u00a0\u2013\u00a0Mercoled\u00ec 14.00 alle 16.00 &nbsp;","protected":false},"author":1,"featured_media":0,"parent":15,"menu_order":0,"comment_status":"closed","ping_status":"closed","template":"","meta":{"footnotes":""},"class_list":["post-47","page","type-page","status-publish","hentry"],"_links":{"self":[{"href":"https:\/\/ambbruxelles.esteri.it\/it\/wp-json\/wp\/v2\/pages\/47","targetHints":{"allow":["GET"]}}],"collection":[{"href":"https:\/\/ambbruxelles.esteri.it\/it\/wp-json\/wp\/v2\/pages"}],"about":[{"href":"https:\/\/ambbruxelles.esteri.it\/it\/wp-json\/wp\/v2\/types\/page"}],"author":[{"embeddable":true,"href":"https:\/\/ambbruxelles.esteri.it\/it\/wp-json\/wp\/v2\/users\/1"}],"replies":[{"embeddable":true,"href":"https:\/\/ambbruxelles.esteri.it\/it\/wp-json\/wp\/v2\/comments?post=47"}],"version-history":[{"count":5,"href":"https:\/\/ambbruxelles.esteri.it\/it\/wp-json\/wp\/v2\/pages\/47\/revisions"}],"predecessor-version":[{"id":1907,"href":"https:\/\/ambbruxelles.esteri.it\/it\/wp-json\/wp\/v2\/pages\/47\/revisions\/1907"}],"up":[{"embeddable":true,"href":"https:\/\/ambbruxelles.esteri.it\/it\/wp-json\/wp\/v2\/pages\/15"}],"wp:attachment":[{"href":"https:\/\/ambbruxelles.esteri.it\/it\/wp-json\/wp\/v2\/media?parent=47"}],"curies":[{"name":"wp","href":"https:\/\/api.w.org\/{rel}","templated":true}]}}