{"id":246,"date":"2023-06-09T13:52:06","date_gmt":"2023-06-09T11:52:06","guid":{"rendered":"https:\/\/ambbruxelles.esteri.it\/?page_id=246"},"modified":"2026-04-20T09:15:45","modified_gmt":"2026-04-20T07:15:45","slug":"bandi-di-gara-e-contratti","status":"publish","type":"page","link":"https:\/\/ambbruxelles.esteri.it\/it\/amministrazione-trasparente\/bandi-di-gara-e-contratti\/","title":{"rendered":"Bandi di gara e contratti"},"content":{"rendered":"<p><strong>2026<\/strong><\/p>\n<p>17\/02\/2026<\/p>\n<h5><a href=\"https:\/\/ambbruxelles.esteri.it\/it\/news\/dall_ambasciata\/2026\/04\/avviso-di-sponsorizzazione-per-la-festa-nazionale-2026\/\">Avviso di sponsorizzazione per la Festa Nazionale 2026<\/a><\/h5>\n<p><strong>15\/1<\/strong><\/p>\n<p><a href=\"https:\/\/ambbruxelles.esteri.it\/it\/news\/dall_ambasciata\/2026\/01\/avviso-di-sponsorizzazione-per-restauro-opere-darte-residenza-dellambasciatore-ditalia-in-belgio\/\">AVVISO DI SPONSORIZZAZIONE PER RESTAURO OPERE D\u2019ARTE RESIDENZA DELL\u2019AMBASCIATORE D\u2019ITALIA IN BELGIO<\/a><\/p>\n<p><a href=\"https:\/\/ambbruxelles.esteri.it\/wp-content\/uploads\/2026\/01\/Avviso-Pubblico-di-sponsorizzazione.pdf\"><strong>Avviso Pubblico di sponsorizzazione<\/strong><\/a><\/p>\n<p><a href=\"https:\/\/ambbruxelles.esteri.it\/wp-content\/uploads\/2025\/02\/allegato_1_dichiarazione_sostitutiva_documento_unico_requisiti.pdf\"><strong><span style=\"color: blue;\">Dichiarazione Sostitutiva<\/span><\/strong><\/a><\/p>\n<p><strong><a href=\"https:\/\/ambbruxelles.esteri.it\/wp-content\/uploads\/2025\/02\/allegato_2_informativa_privacy.pdf\">Informativa\u00a0 Privacy<\/a><\/strong><\/p>\n<p>13\/1<\/p>\n<p>Annullamento in autotutela della procedura aperta per l\u2019affidamento del servizio di pulizia e igienizzazione delle sedi diplomatiche italiane in Belgio e nei Paesi Bassi<\/p>\n<p><a href=\"https:\/\/ambbruxelles.esteri.it\/wp-content\/uploads\/2026\/01\/Annullamento-in-autotutela.pdf\">Annullamento in autotutela<\/a><\/p>\n<p><a href=\"https:\/\/ambbruxelles.esteri.it\/wp-content\/uploads\/2026\/01\/Annulation-a-titre-conservatoire.pdf\">Annulation \u00e0 titre conservatoire<\/a><\/p>\n<p><a href=\"https:\/\/ambbruxelles.esteri.it\/wp-content\/uploads\/2026\/01\/Annulment-in-self-protection.pdf\">Annulment in self-protection<\/a><\/p>\n<p>&nbsp;<\/p>\n<p><strong>2025<\/strong><\/p>\n<ul>\n<li>16\/12<\/li>\n<\/ul>\n<p style=\"text-align: justify;\">Procedura aperta per l&#8217;acquisizione del servizio di pulizia ed igienizzazione delle Sedi diplomatiche italiane del Belgio (Ambasciata d&#8217;Italia a Bruxelles, Consolato Generale d&#8217;Italia a Bruxelles, Istituto Italiano di Cultura di Bruxelles, Rappresentanza Permanent presso l&#8217;Unione Europea di Bruxelles, Rappresentanza Permanente presso la Nato di Bruxelles) e dei Paesi Bassi (Ambasciata d&#8217;Italia a L&#8217;Aja e Istituto Italiano di Cultura di Amstertdam) per il periodo 1 marzo 2026- 31 dicembre 2027, equivalenti a 22 (ventidue) mesi.<\/p>\n<p><a href=\"https:\/\/ambbruxelles.esteri.it\/wp-content\/uploads\/2025\/12\/Appel-dOffre_compressed.pdf\">Appel d&#8217;Offre<\/a><\/p>\n<p><a href=\"https:\/\/ambbruxelles.esteri.it\/wp-content\/uploads\/2025\/12\/Notice-of-Tender_compressed.pdf\">Notice of Tender<\/a><\/p>\n<ul>\n<li>27\/02<\/li>\n<\/ul>\n<p>Avviso pubblico di sponsorizzazione<\/p>\n<p><a class=\"focus--mouse\" href=\"https:\/\/ambbruxelles.esteri.it\/wp-content\/uploads\/2025\/02\/AVVISO-SPONS-2025_firmato.pdf\" data-focus-mouse=\"true\"><strong>Avviso Sponsorizzazioni<\/strong><\/a><\/p>\n<p><a href=\"https:\/\/ambbruxelles.esteri.it\/wp-content\/uploads\/2025\/02\/allegato_1_dichiarazione_sostitutiva_documento_unico_requisiti.pdf\"><strong>Dichiarazione Sostitutiva<\/strong><\/a><\/p>\n<p><strong><a href=\"https:\/\/ambbruxelles.esteri.it\/wp-content\/uploads\/2025\/02\/allegato_2_informativa_privacy.pdf\">Informativa\u00a0 Privacy<\/a><\/strong><\/p>\n<ul>\n<li>24\/01<\/li>\n<\/ul>\n<p><a href=\"https:\/\/ambbruxelles.esteri.it\/wp-content\/uploads\/2025\/01\/5d.-Avis-dAttribution-du-Marche-2025-fr-firmatoprot.pdf\">Avis d\u2019Attribution du March\u00e9 2025 pour les <em> services de nettoyage et d\u2019assainissement des locaux<\/em><\/a><\/p>\n<p>&nbsp;<\/p>\n<p><strong>2024<\/strong><\/p>\n<ul>\n<li>12\/12<\/li>\n<\/ul>\n<p class=\"card-title big-heading text-uppercase\"><a href=\"https:\/\/ambbruxelles.esteri.it\/it\/news\/dall_ambasciata\/2024\/12\/conclusione-procedura-asta-pubblica-per-vendita-autovettura\/\"><strong>Conclusione Asta pubblica per la vendita di un\u2019autovettura di servizi<\/strong><\/a><\/p>\n<ul>\n<li>08\/11<\/li>\n<\/ul>\n<p><a class=\"text-body text-decoration-none focus--mouse\" title=\"Asta pubblica per la vendita di un\u2019autovettura di servizio\" href=\"https:\/\/ambbruxelles.esteri.it\/it\/news\/dall_ambasciata\/2024\/11\/asta-pubblica-per-la-vendita-di-unautovettura-di-servizio\/\" data-focus-mouse=\"true\">Asta pubblica per la vendita di un\u2019autovettura di servizio<\/a><\/p>\n<p><a class=\"focus--mouse\" href=\"https:\/\/ambbruxelles.esteri.it\/wp-content\/uploads\/2024\/11\/avviso-vendita-allasta-PUNTO_en.pdf\" data-focus-mouse=\"true\">avviso vendita all\u2019asta PUNTO_en<\/a><\/p>\n<p><a href=\"https:\/\/ambbruxelles.esteri.it\/wp-content\/uploads\/2024\/11\/avviso-vendita-allasta-PUNTO_it.pdf\">avviso vendita all\u2019asta PUNTO_it<\/a><\/p>\n<p><a href=\"https:\/\/ambbruxelles.esteri.it\/wp-content\/uploads\/2024\/11\/Formulario-IT.docx\">Formulario IT<\/a><\/p>\n<p><a href=\"https:\/\/ambbruxelles.esteri.it\/wp-content\/uploads\/2024\/11\/Formulario-IT.pdf\">Formulario IT<\/a><\/p>\n<p><a href=\"https:\/\/ambbruxelles.esteri.it\/wp-content\/uploads\/2024\/11\/Formulario-EN-FIAT-Punto.docx\">Formulario EN \u2013 FIAT Punto<\/a><\/p>\n<p><a href=\"https:\/\/ambbruxelles.esteri.it\/wp-content\/uploads\/2024\/11\/Formulario-EN-FIAT-Punto.pdf\">Formulario EN \u2013 FIAT Punto<\/a><\/p>\n<p>&nbsp;<\/p>\n<ul>\n<li>27\/09<\/li>\n<\/ul>\n<p><em>&#8220;Appel d\u2019offres ouvert pour l\u2019acquisition de services de nettoyage et d\u2019assainissement des locaux de l\u2019Ambassade d\u2019Italie \u00e0 Bruxelles, du Consulat G\u00e9n\u00e9ral \u00e0 Bruxelles, de l\u2019Institut culturel italien \u00e0 Bruxelles, de la Repr\u00e9sentation permanente aupr\u00e8s de l\u2019Union europ\u00e9enne \u00e0 Bruxelles, de la Repr\u00e9sentation permanente aupr\u00e8s de l\u2019OTAN \u00e0 Bruxelles et du Consulat G\u00e9n\u00e9ral \u00e0 Charleroi pour la p\u00e9riode allant du<\/em><strong> 1er janvier<\/strong><em> au<\/em><strong> 31 d\u00e9cembre 2025<\/strong><em>.&#8221; <\/em><em>(<\/em><strong>CIG B333284863).<\/strong><\/p>\n<p><strong>Veuillez lire attentivement l&#8217;avis suivant dans toutes ses parties (6 fichiers \u00e0 t\u00e9l\u00e9charger et \u00e0 remplir)<\/strong><\/p>\n<p><a href=\"http:\/\/&quot;Appel d\u2019offres ouvert pour l\u2019acquisition de services de nettoyage et d\u2019assainissement des locaux de l\u2019Ambassade d\u2019Italie \u00e0 Bruxelles, du Consulat G\u00e9n\u00e9ral \u00e0 Bruxelles, de l\u2019Institut culturel italien \u00e0 Bruxelles, de la Repr\u00e9sentation permanente aupr\u00e8s de l\u2019Union europ\u00e9enne \u00e0 Bruxelles, de la Repr\u00e9sentation permanente aupr\u00e8s de l\u2019OTAN \u00e0 Bruxelles et du Consulat G\u00e9n\u00e9ral \u00e0 Charleroi pour la p\u00e9riode allant du 1er janvier au 31 d\u00e9cembre 2025.&quot; (CIG B333284863). Veuillez lire attentivement l'avis suivant dans toutes ses parties (6 fichiers \u00e0 t\u00e9l\u00e9charger et \u00e0 remplir)\">Avis d&#8217;Accord Cadre<\/a><\/p>\n<p><a class=\"rwmb-file-title\" href=\"https:\/\/ambbruxelles.esteri.it\/wp-content\/uploads\/2024\/09\/2.-Modele-de-Contract-Quadre_compressed.pdf\" target=\"_blank\" rel=\"noopener\">Mod\u00e8le de Contract-Quadre<\/a><\/p>\n<p><a class=\"rwmb-file-title\" href=\"https:\/\/ambbruxelles.esteri.it\/wp-content\/uploads\/2024\/09\/3.-Cahier-des-Charges_compressed.pdf\" target=\"_blank\" rel=\"noopener\">Cahier des Charges<\/a><\/p>\n<p><a class=\"rwmb-file-title\" href=\"https:\/\/ambbruxelles.esteri.it\/wp-content\/uploads\/2024\/09\/5.-Traitement-Des-Donnees_compressed.pdf\" target=\"_blank\" rel=\"noopener\">Traitement Des Donn\u00e8es_<\/a><\/p>\n<p><a class=\"rwmb-file-title\" href=\"https:\/\/ambbruxelles.esteri.it\/wp-content\/uploads\/2024\/09\/6.-Modele-dOffre-Economique_compressed.pdf\" target=\"_blank\" rel=\"noopener\">Mod\u00e8le d&#8217;Offre Economique_<\/a><\/p>\n<ul>\n<li style=\"text-align: justify;\">04\/06<\/li>\n<\/ul>\n<p>Avis d\u2019attribution du service de num\u00e9risation des archives de la Chancellerie consulaire de l\u2019Ambassade d\u2019Italie \u00e0 Bruxelles et du Consulat G\u00e9n\u00e9ral d\u2019Italie \u00e0 Charleroi (CIG : B0BD017078)<\/p>\n<p><a href=\"https:\/\/ambbruxelles.esteri.it\/wp-content\/uploads\/2024\/06\/854-P-03062024.pdf\">Avis d&#8217;Attribution<\/a><\/p>\n<ul>\n<li style=\"text-align: justify;\">13\/03<\/li>\n<\/ul>\n<p>Appel d\u2019offres pour la conclusion d\u2019un accord-cadre relatif \u00e0 la fourniture d\u2019un service de num\u00e9risation des dossiers papier conserv\u00e9s dans les archives consulaires de la Chancellerie consulaire de l\u2019Ambassade d\u2019Italie \u00e0 Bruxelles et du Consulat G\u00e9n\u00e9ral d\u2019Italie \u00e0 Charleroi<\/p>\n<p><a href=\"https:\/\/ambbruxelles.esteri.it\/wp-content\/uploads\/2024\/03\/2e.-Bando-prot-firmato.pdf\">Bando<\/a><\/p>\n<ul>\n<li>07\/03<\/li>\n<\/ul>\n<p>Avviso pubblico di sponsorizzazione<\/p>\n<div class=\"entry-content\" style=\"text-align: justify;\"><a href=\"https:\/\/ambbruxelles.esteri.it\/wp-content\/uploads\/2024\/03\/Avviso-pubblico-di-sponsorizzazione-2024.pdf\">Avviso pubblico di sponsorizzazione<\/a><a href=\"https:\/\/ambbruxelles.esteri.it\/wp-content\/uploads\/2024\/03\/allegato_1_dichiarazione_sostitutiva_documento_unico_requisiti.pdf\">Dichiarazione Sostitutiva- Requisiti<\/a><\/div>\n<p><a href=\"https:\/\/ambbruxelles.esteri.it\/wp-content\/uploads\/2024\/03\/allegato_2_informativa_privacy.pdf\">Informativa Privacy<\/a><\/p>\n<p><strong>2023<\/strong><\/p>\n<ul>\n<li style=\"text-align: justify;\">07\/12<\/li>\n<\/ul>\n<p><a href=\"https:\/\/ambbruxelles.esteri.it\/wp-content\/uploads\/2023\/12\/4c.-Avis-dAttribution-du-Marchefirmato.pdf\">Avis d&#8217;Attribution du march\u00e9<\/a> (CIG A00FC67ACC)<\/p>\n<ul>\n<li style=\"text-align: justify;\">01\/12<\/li>\n<\/ul>\n<p><a href=\"https:\/\/ambbruxelles.esteri.it\/wp-content\/uploads\/2023\/12\/4c.-Avis-dAttribution-du-Marchefirmato.pdf\">Avis d&#8217;Attribution du March\u00e9(firmato)<\/a><\/p>\n<ul>\n<li style=\"text-align: justify;\">27\/09<\/li>\n<\/ul>\n<p>Appel d&#8217;offres pour la conclusion d&#8217;un accord-cadre pour l&#8217;acquisition d&#8217;un service de nettoyage et d\u00e9sinfection des locaux de l&#8217;Ambassade d&#8217;Italie \u00e0 Bruxelles (Chancellerie diplomatique et Chancellerie consulaire), de l&#8217;Institut culturel italien \u00e0 Bruxelles, de la Repr\u00e9sentation permanente aupr\u00e8s de l&#8217;Union europ\u00e9enne, de la Repr\u00e9sentation permanente aupr\u00e8s de l&#8217;OTAN et du Consulat g\u00e9n\u00e9ral \u00e0 Charleroi pour la p\u00e9riode allant du 1er janvier au 31 d\u00e9cembre 2024<\/p>\n<p><a href=\"https:\/\/ambbruxelles.esteri.it\/wp-content\/uploads\/2023\/09\/Avis-daccord-cadre-nettoyage-2024-signe.pdf\">Avis d&#8217;accord-cadre nettoyage 2024 (sign\u00e9)<\/a><\/p>\n<ul>\n<li>17\/07<\/li>\n<\/ul>\n<p>Avviso Pubblico di Sponsorizzazione di un giardino italiano<\/p>\n<p><a href=\"https:\/\/ambbruxelles.esteri.it\/wp-content\/uploads\/2023\/07\/Avviso-di-sponsorizzazione-Giardino-Italiano.pdf\">Avviso-di-sponsorizzazione-Giardino-Italiano<\/a><\/p>\n<p><a href=\"https:\/\/ambbruxelles.esteri.it\/wp-content\/uploads\/2023\/07\/dichiarazione_sostitutiva_documento_unico_requisiti.pdf\">Dichiarazione sostitutiva<\/a><\/p>\n<p><a href=\"https:\/\/ambbruxelles.esteri.it\/wp-content\/uploads\/2023\/07\/informativa_sulla_privacy.pdf\">Informativa sulla privacy<\/a><\/p>\n<ul>\n<li style=\"text-align: justify;\">23\/03<\/li>\n<\/ul>\n<p>Avviso Pubblico di Sponsorizzazione per la concessione di spazi pubblicitari<\/p>\n<p><a href=\"https:\/\/ambbruxelles.esteri.it\/wp-content\/uploads\/2023\/03\/Avviso-di-sponsorizzazione.pdf\">Avviso di sponsorizzazione<\/a><\/p>\n<p><a href=\"https:\/\/ambbruxelles.esteri.it\/wp-content\/uploads\/2023\/03\/allegato_1_dichiarazione_sostitutiva_documento_unico_requisiti.pdf\">Dichiarazione sostitutiva<\/a><\/p>\n<p><a href=\"https:\/\/ambbruxelles.esteri.it\/wp-content\/uploads\/2023\/03\/allegato_2_informativa_privacy.pdf\">Informativa sulla Privacy<\/a><\/p>\n<p><strong>2022<\/strong><\/p>\n<ul>\n<li style=\"text-align: justify;\">\u00a023\/03<\/li>\n<\/ul>\n<p><a href=\"https:\/\/ambbruxelles.esteri.it\/wp-content\/uploads\/2024\/10\/20220214110009861.pdf\">Avviso di sponsorizzazione <\/a><\/p>\n<p><a href=\"https:\/\/ambbruxelles.esteri.it\/wp-content\/uploads\/2024\/10\/allegato_1_dichiarazione_sostitutiva_documento_unico_requisiti.pdf\">Dichiarazione_sostitutiva_documento_unico_requisiti<\/a><\/p>\n<p><a href=\"https:\/\/ambbruxelles.esteri.it\/wp-content\/uploads\/2024\/10\/allegato_2_informativa_privacy.pdf\">Informativa_privacy<\/a><\/p>\n<p><strong>2021<\/strong><\/p>\n<ul>\n<li>16\/05<strong><br \/>\n<\/strong><\/li>\n<\/ul>\n<p><a href=\"https:\/\/ambbruxelles.esteri.it\/wp-content\/uploads\/2024\/10\/avviso-sponsor._2021.pdf\">Avviso ricerca sponsor per il 2021<\/a><\/p>\n<p><a href=\"https:\/\/ambbruxelles.esteri.it\/wp-content\/uploads\/2024\/10\/allegato_1_dichiarazione_sostitutiva_documento_unico_requisiti.docx\">Dichiarazione sostitutiva documento Unico Requisit<\/a><\/p>\n<p><a href=\"https:\/\/ambbruxelles.esteri.it\/wp-content\/uploads\/2024\/10\/allegato_2_informativa_privacy.docx\">Informativa_privacy<\/a><\/p>\n<p><strong>2019<\/strong><\/p>\n<ul>\n<li>15\/07<\/li>\n<\/ul>\n<p>Bando di gara per vendita mobili<\/p>\n<ol>\n<li><a href=\"https:\/\/ambbruxelles.esteri.it\/wp-content\/uploads\/2024\/10\/AMBIT_Bando-vendita-allasta-mobilio.pdf\">Bando vendita all&#8217;asta mobilio<\/a><\/li>\n<li><a href=\"https:\/\/ambbruxelles.esteri.it\/it\/news\/dall_ambasciata\/2019\/07\/bando-di-gara-per-vendita-mobili\/resource\/doc\/2019\/07\/ambit_avis_de_vente.pdf\">Avis de vente (FR)<\/a><\/li>\n<li><a href=\"https:\/\/ambbruxelles.esteri.it\/wp-content\/uploads\/2024\/10\/ELENCO-dei-MOBILI-e-COMPLEMENTI-vendita.pdf\">ELENCO dei MOBILI e COMPLEMENTI &#8211; vendita<\/a><\/li>\n<li><a href=\"https:\/\/ambbruxelles.esteri.it\/wp-content\/uploads\/2024\/10\/MODULO-1-OFFERTA-_ITA.pdf\">MODULO\u00a0 OFFERTA _ITA<\/a><\/li>\n<li><a href=\"https:\/\/ambbruxelles.esteri.it\/wp-content\/uploads\/2024\/10\/FORMULAIRE-1-OFFRE-_FR.pdf\">FORMULAIRE\u00a0 OFFRE _FR<\/a><\/li>\n<\/ol>\n<ul>\n<li>18\/03<\/li>\n<\/ul>\n<p>Avviso pubblico offerta sponsorizzazioni Festa della Repubblica 2019<\/p>\n<ol>\n<li><a href=\"https:\/\/ambbruxelles.esteri.it\/wp-content\/uploads\/2024\/10\/AVVISO-PUBBLICO-PER-LOFFERTA-DI-SPONSORIZZAZIONI_FESTA-DELLA-REPUBBLICA-2019.pdf\">AVVISO <\/a><\/li>\n<li><a href=\"https:\/\/ambbruxelles.esteri.it\/wp-content\/uploads\/2024\/10\/modulo_offerta_festa_nazionale_2019-contributo-finanziario.docx\">Modulo contributo finanziario<\/a><\/li>\n<li><a href=\"https:\/\/ambbruxelles.esteri.it\/wp-content\/uploads\/2024\/10\/modulo_offerta_festa_nazionale_2019-contributo-in-prodotti.docx\">Modulo contributo in prodotti<\/a><\/li>\n<\/ol>\n<p>&nbsp;<\/p>\n<p>&nbsp;<\/p>\n<h5><\/h5>\n","protected":false},"excerpt":{"rendered":"2026 17\/02\/2026 Avviso di sponsorizzazione per la Festa Nazionale 2026 15\/1 AVVISO DI SPONSORIZZAZIONE PER RESTAURO OPERE D\u2019ARTE RESIDENZA DELL\u2019AMBASCIATORE D\u2019ITALIA IN BELGIO Avviso Pubblico di sponsorizzazione Dichiarazione Sostitutiva Informativa\u00a0 Privacy 13\/1 Annullamento in autotutela della procedura aperta per l\u2019affidamento del servizio di pulizia e igienizzazione delle sedi diplomatiche italiane in Belgio e nei Paesi [&hellip;]","protected":false},"author":2,"featured_media":0,"parent":35,"menu_order":8,"comment_status":"closed","ping_status":"closed","template":"","meta":{"footnotes":""},"class_list":["post-246","page","type-page","status-publish","hentry"],"_links":{"self":[{"href":"https:\/\/ambbruxelles.esteri.it\/it\/wp-json\/wp\/v2\/pages\/246","targetHints":{"allow":["GET"]}}],"collection":[{"href":"https:\/\/ambbruxelles.esteri.it\/it\/wp-json\/wp\/v2\/pages"}],"about":[{"href":"https:\/\/ambbruxelles.esteri.it\/it\/wp-json\/wp\/v2\/types\/page"}],"author":[{"embeddable":true,"href":"https:\/\/ambbruxelles.esteri.it\/it\/wp-json\/wp\/v2\/users\/2"}],"replies":[{"embeddable":true,"href":"https:\/\/ambbruxelles.esteri.it\/it\/wp-json\/wp\/v2\/comments?post=246"}],"version-history":[{"count":7,"href":"https:\/\/ambbruxelles.esteri.it\/it\/wp-json\/wp\/v2\/pages\/246\/revisions"}],"predecessor-version":[{"id":3330,"href":"https:\/\/ambbruxelles.esteri.it\/it\/wp-json\/wp\/v2\/pages\/246\/revisions\/3330"}],"up":[{"embeddable":true,"href":"https:\/\/ambbruxelles.esteri.it\/it\/wp-json\/wp\/v2\/pages\/35"}],"wp:attachment":[{"href":"https:\/\/ambbruxelles.esteri.it\/it\/wp-json\/wp\/v2\/media?parent=246"}],"curies":[{"name":"wp","href":"https:\/\/api.w.org\/{rel}","templated":true}]}}