{"id":15,"date":"2023-04-11T17:08:57","date_gmt":"2023-04-11T15:08:57","guid":{"rendered":"https:\/\/ambasciatapraga.esteri.it\/?page_id=15"},"modified":"2024-07-31T09:37:14","modified_gmt":"2024-07-31T07:37:14","slug":"servizi-consolari-e-visti","status":"publish","type":"page","link":"https:\/\/ambbruxelles.esteri.it\/it\/servizi-consolari-e-visti\/","title":{"rendered":"Servizi Consolari e Visti"},"content":{"rendered":"<p style=\"text-align: justify;\">Dal 1 luglio 2024 \u00e8 operativo il <a href=\"https:\/\/consbruxelles.esteri.it\/it\/\"><strong>Consolato Generale d&#8217;Italia a Bruxelles<\/strong><\/a> che effettua i servizi consolari per la circoscrizione Regione di Bruxelles-Capitale, Regione fiamminga, Provincia del Brabante Vallone e Provincia del Brabante fiammingo.<\/p>\n<p style=\"text-align: justify;\">Il <strong>Consolato Generale d&#8217;Italia a Bruxelles<\/strong> si trova alla <strong>Rue de Livourne 38- 1000 Bruxelles<\/strong><\/p>\n<p>&nbsp;<\/p>\n<p style=\"text-align: justify;\"><strong>ORARIO DI APERTURA AL PUBBLICO :<\/strong><\/p>\n<p style=\"text-align: justify;\"><strong>Mattina \u2013 Luned\u00ec, Marted\u00ec, Mercoled\u00ec, Gioved\u00ec, Venerd\u00ec dalle 09.00 alle 12.30;<\/strong><\/p>\n<p style=\"text-align: justify;\"><strong>Pomeriggio \u2013 Mercoled\u00ec 14.00 alle 16.00<\/strong><\/p>\n<p style=\"text-align: justify;\"><span class=\"baec5a81-e4d6-4674-97f3-e9220f0136c1\">Il Consolato Generale d\u2019Italia \u00e8 raggiungibile al numero telefonico <\/span><strong><span class=\"baec5a81-e4d6-4674-97f3-e9220f0136c1\">+32<\/span><span class=\"baec5a81-e4d6-4674-97f3-e9220f0136c1\">\u00a02 5431 550<\/span><\/strong><\/p>\n<p style=\"text-align: justify;\">Per tutte le informazioni consultare la pagina ufficiale del <strong><a href=\"https:\/\/consbruxelles.esteri.it\/it\/servizi-consolari-e-visti\/\">Consolato Generale d&#8217;Italia a Bruxelles<\/a><\/strong><\/p>\n","protected":false},"excerpt":{"rendered":"Dal 1 luglio 2024 \u00e8 operativo il Consolato Generale d&#8217;Italia a Bruxelles che effettua i servizi consolari per la circoscrizione Regione di Bruxelles-Capitale, Regione fiamminga, Provincia del Brabante Vallone e Provincia del Brabante fiammingo. Il Consolato Generale d&#8217;Italia a Bruxelles si trova alla Rue de Livourne 38- 1000 Bruxelles &nbsp; ORARIO DI APERTURA AL PUBBLICO [&hellip;]","protected":false},"author":1,"featured_media":0,"parent":0,"menu_order":6,"comment_status":"closed","ping_status":"closed","template":"","meta":{"footnotes":""},"class_list":["post-15","page","type-page","status-publish","hentry"],"_links":{"self":[{"href":"https:\/\/ambbruxelles.esteri.it\/it\/wp-json\/wp\/v2\/pages\/15","targetHints":{"allow":["GET"]}}],"collection":[{"href":"https:\/\/ambbruxelles.esteri.it\/it\/wp-json\/wp\/v2\/pages"}],"about":[{"href":"https:\/\/ambbruxelles.esteri.it\/it\/wp-json\/wp\/v2\/types\/page"}],"author":[{"embeddable":true,"href":"https:\/\/ambbruxelles.esteri.it\/it\/wp-json\/wp\/v2\/users\/1"}],"replies":[{"embeddable":true,"href":"https:\/\/ambbruxelles.esteri.it\/it\/wp-json\/wp\/v2\/comments?post=15"}],"version-history":[{"count":9,"href":"https:\/\/ambbruxelles.esteri.it\/it\/wp-json\/wp\/v2\/pages\/15\/revisions"}],"predecessor-version":[{"id":1960,"href":"https:\/\/ambbruxelles.esteri.it\/it\/wp-json\/wp\/v2\/pages\/15\/revisions\/1960"}],"wp:attachment":[{"href":"https:\/\/ambbruxelles.esteri.it\/it\/wp-json\/wp\/v2\/media?parent=15"}],"curies":[{"name":"wp","href":"https:\/\/api.w.org\/{rel}","templated":true}]}}