{"id":1159,"date":"2023-10-24T12:43:27","date_gmt":"2023-10-24T10:43:27","guid":{"rendered":"https:\/\/ambbruxelles.esteri.it\/?page_id=1159"},"modified":"2023-10-24T16:48:21","modified_gmt":"2023-10-24T14:48:21","slug":"29-edizione-del-concorso-campiello-giovani","status":"publish","type":"page","link":"https:\/\/ambbruxelles.esteri.it\/it\/italia-e-belgio\/diplomazia-culturale\/cultura-eventi-concorsi-premi\/29-edizione-del-concorso-campiello-giovani\/","title":{"rendered":"29\u00b0 edizione del concorso Campiello Giovani"},"content":{"rendered":"<p style=\"text-align: justify;\">Si segnala la<img loading=\"lazy\" decoding=\"async\" class=\"size-medium wp-image-1160 img-fluid alignleft\" src=\"https:\/\/ambbruxelles.esteri.it\/wp-content\/uploads\/2023\/10\/Campiello-Giovani-300x112.jpg\" alt=\"\" width=\"300\" height=\"112\" \/>, per la scrittura di un racconto a tema libero in italiano, promossa dalla Fondazione Il Campiello \u2013 Confindustria Veneto, ed estesa alla rete culturale e di formazione italiana nel mondo, con la collaborazione del Ministero degli Affari Esteri e Cooperazione Internazionale.<\/p>\n<p style=\"text-align: justify;\">Il concorso \u00e8 riservato\u00a0<strong>ai giovani di et\u00e0 compresa fra i 15 e i 21 anni<\/strong>\u00a0(che al momento dell\u2019invio abbiano compiuto 15 anni e non ne abbiano ancora compiuti 22), residenti in Italia e all\u2019estero, e ha come oggetto un racconto a tema libero in lingua italiana della lunghezza minima di 10 cartelle e massima di 20. Si pu\u00f2 partecipare con un solo elaborato. Non sono ammessi lavori collettivi. Il racconto deve essere scritto in carattere Times New Roman, corpo 12, interlinea doppia e formato giustificato; le pagine dovranno essere numerate. I racconti dovranno pervenire in forma anonima \u2013 sulla prima pagina dovr\u00e0 quindi comparire solo il titolo, non il nome dell\u2019autore \u2013 e dovranno essere inviati in formato digitale.<\/p>\n<p style=\"text-align: justify;\">Tutti gli elaborati, anonimi e contraddistinti da un numero, verranno sottoposti alla Giuria di Selezione \u2013 composta da vincitori\/finalisti delle passate edizioni, giornalisti e lettori di case editrici \u2013 la quale, entro il 13 marzo 2024, dovr\u00e0 selezionare 12 lavori che passeranno alla fase successiva del concorso. Un Comitato Tecnico, composto da alcuni specialisti di letteratura moderna contemporanea, valuter\u00e0 i lavori scelti dalla Giuria di Selezione e designer\u00e0 i cinque finalisti che verranno resi noti il 12 aprile 2024 nel corso di una manifestazione pubblica denominata Selezione della Cinquina. Per consentire la presenza alla Selezione di tutti i semifinalisti, la Fondazione Il Campiello si far\u00e0 carico delle spese di viaggio e\/o alloggio dei candidati. I 12 semifinalisti si impegneranno a partecipare alla Selezione della Cinquina. L\u2019eventuale mancata partecipazione alla cerimonia, che dovr\u00e0 essere motivata per iscritto, comporter\u00e0, salvo cause di forza maggiore, l\u2019esclusione automatica dal concorso.<\/p>\n<p style=\"text-align: justify;\">Il vincitore assoluto tra i cinque finalisti sar\u00e0 scelto dalla Giuria dei Letterati del Premio Campiello e premiato nel corso delle serate conclusive del Premio. Le cinque opere finaliste, che rimarranno di propriet\u00e0 della Fondazione Il Campiello, verranno raccolte in un libro a uso istituzionale realizzato a cura della Fondazione Il Campiello. I finalisti avranno diritto a una dotazione di libri e all\u2019invito alla cerimonia di premiazione del Premio Campiello. I finalisti ed il vincitore si impegneranno a collaborare con la Fondazione Il Campiello partecipando a tutte le iniziative volte a promuovere il concorso e a comporre, se richiesti, anche altri testi.<\/p>\n<p style=\"text-align: justify;\">Il vincitore del concorso Campiello Giovani avr\u00e0 diritto a una vacanza-studio di due settimane in un Paese Europeo.<\/p>\n<p style=\"text-align: justify;\">Tra gli elaborati che verranno selezionati dalla Giuria di Selezione potr\u00e0 essere assegnato un riconoscimento speciale per i racconti che tratteranno tematiche legate alla sostenibilit\u00e0 sociale e ambientale e un riconoscimento speciale al miglior racconto sul tema del viaggio, sia esso inteso nel suo pi\u00f9 comune significato che in senso astratto. Come ogni anno sar\u00e0 inoltre attribuita la \u201cmenzione speciale giovani imprenditori\u201d, per il miglior racconto che nella descrizione dei protagonisti o nella scelta dell\u2019ambientazione rimandi al tema della cultura di impresa, con particolare attenzione all\u2019imprenditoria femminile o giovanile, alla cultura e a quant\u2019altro faccia riferimento alle idee, all\u2019etica e ai valori condivisi per una visione d\u2019insieme e una gestione armonica dell\u2019impresa. Tale menzione sar\u00e0 attribuita da una Commissione tecnica composta da Giovani Imprenditori e membri della segreteria nazionale.<\/p>\n<p style=\"text-align: justify;\">L\u2019iscrizione al concorso avviene attraverso il sito del Premio Campiello (<a href=\"http:\/\/www.premiocampiello.it\/\">www.premiocampiello.it<\/a>) nella sezione dedicata al Campiello Giovani. La data di scadenza per l\u2019invio dei racconti \u00e8 l\u2019<strong>11 gennaio 2024<\/strong>. Per informazioni o chiarimenti la segreteria \u00e8 contattabile al seguente indirizzo di posta elettronica:\u00a0<a href=\"mailto:giovani@premiocampiello.it\">giovani@premiocampiello.it<\/a>. Per il regolamento clicca qui sotto:<\/p>\n<p><span style=\"text-decoration: underline;\"><strong><a href=\"https:\/\/ambbruxelles.esteri.it\/wp-content\/uploads\/2023\/10\/REGOLAMENTO_CAMPIELLO_GIOVANI_29__ed_.pdf\">REGOLAMENTO_CAMPIELLO_GIOVANI_29ma Edizione<\/a><\/strong><\/span><\/p>\n","protected":false},"excerpt":{"rendered":"Si segnala la, per la scrittura di un racconto a tema libero in italiano, promossa dalla Fondazione Il Campiello \u2013 Confindustria Veneto, ed estesa alla rete culturale e di formazione italiana nel mondo, con la collaborazione del Ministero degli Affari Esteri e Cooperazione Internazionale. Il concorso \u00e8 riservato\u00a0ai giovani di et\u00e0 compresa fra i 15 [&hellip;]","protected":false},"author":4,"featured_media":0,"parent":1167,"menu_order":0,"comment_status":"closed","ping_status":"closed","template":"","meta":{"footnotes":""},"class_list":["post-1159","page","type-page","status-publish","hentry"],"_links":{"self":[{"href":"https:\/\/ambbruxelles.esteri.it\/it\/wp-json\/wp\/v2\/pages\/1159","targetHints":{"allow":["GET"]}}],"collection":[{"href":"https:\/\/ambbruxelles.esteri.it\/it\/wp-json\/wp\/v2\/pages"}],"about":[{"href":"https:\/\/ambbruxelles.esteri.it\/it\/wp-json\/wp\/v2\/types\/page"}],"author":[{"embeddable":true,"href":"https:\/\/ambbruxelles.esteri.it\/it\/wp-json\/wp\/v2\/users\/4"}],"replies":[{"embeddable":true,"href":"https:\/\/ambbruxelles.esteri.it\/it\/wp-json\/wp\/v2\/comments?post=1159"}],"version-history":[{"count":1,"href":"https:\/\/ambbruxelles.esteri.it\/it\/wp-json\/wp\/v2\/pages\/1159\/revisions"}],"predecessor-version":[{"id":1162,"href":"https:\/\/ambbruxelles.esteri.it\/it\/wp-json\/wp\/v2\/pages\/1159\/revisions\/1162"}],"up":[{"embeddable":true,"href":"https:\/\/ambbruxelles.esteri.it\/it\/wp-json\/wp\/v2\/pages\/1167"}],"wp:attachment":[{"href":"https:\/\/ambbruxelles.esteri.it\/it\/wp-json\/wp\/v2\/media?parent=1159"}],"curies":[{"name":"wp","href":"https:\/\/api.w.org\/{rel}","templated":true}]}}